{"id":6538,"date":"2025-06-19T13:52:38","date_gmt":"2025-06-19T13:52:38","guid":{"rendered":"https:\/\/remesasmx.org\/?page_id=6538"},"modified":"2025-06-19T13:57:47","modified_gmt":"2025-06-19T13:57:47","slug":"quienes-somos","status":"publish","type":"page","link":"https:\/\/remesasmx.org\/?page_id=6538","title":{"rendered":"\u00bfQui\u00e9nes Somos?"},"content":{"rendered":"\t\t<div data-elementor-type=\"wp-page\" data-elementor-id=\"6538\" class=\"elementor elementor-6538\">\n\t\t\t\t<div class=\"elementor-element elementor-element-d4fa7cd e-flex e-con-boxed e-con e-parent\" data-id=\"d4fa7cd\" data-element_type=\"container\">\n\t\t\t\t\t<div class=\"e-con-inner\">\n\t\t<div class=\"elementor-element elementor-element-32e1c3c e-con-full e-flex e-con e-child\" data-id=\"32e1c3c\" data-element_type=\"container\">\n\t\t\t\t<div class=\"elementor-element elementor-element-12efcd4 elementor-widget elementor-widget-text-editor\" data-id=\"12efcd4\" data-element_type=\"widget\" data-widget_type=\"text-editor.default\">\n\t\t\t\t<div class=\"elementor-widget-container\">\n\t\t\t\t\t\t\t\t\t<iframe style=\"border: none; overflow: hidden;\" src=\"https:\/\/www.facebook.com\/plugins\/video.php?height=476&amp;href=https%3A%2F%2Fwww.facebook.com%2Freel%2F920664623471910%2F&amp;show_text=false&amp;width=267&amp;t=0\" width=\"267\" height=\"4760\" frameborder=\"0\" scrolling=\"no\" allowfullscreen=\"allowfullscreen\"><span data-mce-type=\"bookmark\" style=\"display: inline-block; width: 0px; overflow: hidden; line-height: 0;\" class=\"mce_SELRES_start\">\ufeff<\/span><\/iframe>\t\t\t\t\t\t\t\t<\/div>\n\t\t\t\t<\/div>\n\t\t\t\t<\/div>\n\t\t<div class=\"elementor-element elementor-element-eec5321 e-con-full e-flex e-con e-child\" data-id=\"eec5321\" data-element_type=\"container\">\n\t\t\t\t<div class=\"elementor-element elementor-element-4a47430 elementor-widget elementor-widget-heading\" data-id=\"4a47430\" data-element_type=\"widget\" data-widget_type=\"heading.default\">\n\t\t\t\t<div class=\"elementor-widget-container\">\n\t\t\t\t\t<h2 class=\"elementor-heading-title elementor-size-default\">RemesasMX.org naci\u00f3 de una verdad inc\u00f3moda\n<\/h2>\t\t\t\t<\/div>\n\t\t\t\t<\/div>\n\t\t\t\t<div class=\"elementor-element elementor-element-2b78b3a9 elementor-widget elementor-widget-text-editor\" data-id=\"2b78b3a9\" data-element_type=\"widget\" data-widget_type=\"text-editor.default\">\n\t\t\t\t<div class=\"elementor-widget-container\">\n\t\t\t\t\t\t\t\t\t<p><br><\/p><p>Nuestros paisanos en Estados Unidos lo dan todo\u2026 y a\u00fan as\u00ed les cobran de m\u00e1s.<\/p>\n<p>Todo comenz\u00f3 con un video.<br>Adolfo \u201cFito\u201d Torres, servidor p\u00fablico y moreliano comprometido, denunci\u00f3 en redes sociales el impacto de las redadas migratorias y el nuevo impuesto a las remesas.<br>El video se viraliz\u00f3.<br>Y entre miles de comentarios, uno se repiti\u00f3 una y otra vez:<\/p>\n<p>\u201cAdem\u00e1s del impuesto, tambi\u00e9n nos friegan con las comisiones.\u201d<\/p>\n<p>As\u00ed naci\u00f3 esta plataforma: como una respuesta concreta.<br>RemesasMX.org es una herramienta ciudadana para comparar comisiones, elegir la mejor opci\u00f3n y asegurar que el esfuerzo de cada paisano llegue lo m\u00e1s completo posible a su familia.<\/p>\n<p>No vendemos nada. No recibimos dinero de bancos.<br>Aqu\u00ed solo importan dos cosas:<br>la justicia y el ahorro para quienes mantienen con vida a millones de familias mexicanas.<\/p>\n<p>Porque como dijo Fito:<\/p>\n<p>\u201cSi ya les van a imponer un impuesto injusto, que al menos no pierdan m\u00e1s en comisiones absurdas.\u201d<\/p>\n<p>Esta plataforma es por ellos. Por ti. Por todos los que mandan con amor lo que ganan con esfuerzo.<\/p>\t\t\t\t\t\t\t\t<\/div>\n\t\t\t\t<\/div>\n\t\t\t\t<\/div>\n\t\t\t\t\t<\/div>\n\t\t\t\t<\/div>\n\t\t<div class=\"elementor-element elementor-element-63b98b36 e-flex e-con-boxed e-con e-parent\" data-id=\"63b98b36\" data-element_type=\"container\">\n\t\t\t\t\t<div class=\"e-con-inner\">\n\t\t\t\t\t<\/div>\n\t\t\t\t<\/div>\n\t\t\t\t<\/div>\n\t\t","protected":false},"excerpt":{"rendered":"<p>\ufeff RemesasMX.org naci\u00f3 de una verdad inc\u00f3moda Nuestros paisanos en Estados Unidos lo dan todo\u2026 y a\u00fan as\u00ed les cobran de m\u00e1s. Todo comenz\u00f3 con un video.Adolfo \u201cFito\u201d Torres, servidor p\u00fablico y moreliano comprometido, denunci\u00f3 en redes sociales el impacto de las redadas migratorias y el nuevo impuesto a las remesas.El video se viraliz\u00f3.Y entre [&hellip;]<\/p>\n","protected":false},"author":1,"featured_media":0,"parent":0,"menu_order":0,"comment_status":"closed","ping_status":"closed","template":"","meta":{"footnotes":""},"class_list":["post-6538","page","type-page","status-publish","hentry"],"_links":{"self":[{"href":"https:\/\/remesasmx.org\/index.php?rest_route=\/wp\/v2\/pages\/6538","targetHints":{"allow":["GET"]}}],"collection":[{"href":"https:\/\/remesasmx.org\/index.php?rest_route=\/wp\/v2\/pages"}],"about":[{"href":"https:\/\/remesasmx.org\/index.php?rest_route=\/wp\/v2\/types\/page"}],"author":[{"embeddable":true,"href":"https:\/\/remesasmx.org\/index.php?rest_route=\/wp\/v2\/users\/1"}],"replies":[{"embeddable":true,"href":"https:\/\/remesasmx.org\/index.php?rest_route=%2Fwp%2Fv2%2Fcomments&post=6538"}],"version-history":[{"count":7,"href":"https:\/\/remesasmx.org\/index.php?rest_route=\/wp\/v2\/pages\/6538\/revisions"}],"predecessor-version":[{"id":6548,"href":"https:\/\/remesasmx.org\/index.php?rest_route=\/wp\/v2\/pages\/6538\/revisions\/6548"}],"wp:attachment":[{"href":"https:\/\/remesasmx.org\/index.php?rest_route=%2Fwp%2Fv2%2Fmedia&parent=6538"}],"curies":[{"name":"wp","href":"https:\/\/api.w.org\/{rel}","templated":true}]}}